{"id":1747,"date":"2025-11-08T16:56:54","date_gmt":"2025-11-08T16:56:54","guid":{"rendered":"https:\/\/rawnaqparfumerie.com\/?post_type=product&#038;p=1747"},"modified":"2026-02-04T15:37:23","modified_gmt":"2026-02-04T15:37:23","slug":"fakhar-extrait-lattafa","status":"publish","type":"product","link":"https:\/\/rawnaqparfumerie.com\/ar\/product\/fakhar-extrait-lattafa\/","title":{"rendered":"FAKHAR EXTRAIT-LATTAFA"},"content":{"rendered":"<table width=\"238\">\n<tbody>\n<tr>\n<td width=\"238\">\n<ul>\n<li><strong>\u0627\u0644\u0645\u0643\u0648\u0646\u0627\u062a \u0627\u0644\u0639\u0644\u064a\u0627<\/strong> : \u062c\u0631\u064a\u0628 \u0641\u0631\u0648\u062a\u060c \u0647\u064a\u0644\u060c \u0641\u0644\u0641\u0644 \u0648\u0631\u062f\u064a<\/li>\n<li><strong>\u0627\u0644\u0645\u0643\u0648\u0646\u0627\u062a \u0627\u0644\u0648\u0633\u0637\u0649<\/strong> : \u062a\u064a\u0628\u0631\u0648\u0632\u060c \u0646\u063a\u0645\u0627\u062a \u0645\u0634\u0645\u0633\u0629\u060c \u0623\u0631\u0637\u0645\u0627\u0633\u064a\u0627<\/li>\n<li><strong>\u0627\u0644\u0645\u0643\u0648\u0646\u0627\u062a \u0627\u0644\u0642\u0627\u0639\u062f\u064a\u0629<\/strong> : \u0639\u0646\u0628\u0631\u060c \u0643\u0627\u0634\u0645\u0631\u0627\u0646\u060c \u062c\u0644\u062f\u060c \u0644\u0628\u062f\u0627\u0646\u0648\u0645<\/li>\n<\/ul>\n<\/td>\n<\/tr>\n<\/tbody>\n<\/table>\n<p>&nbsp;<\/p>\n<p>\u0639\u0637\u0631 \u062c\u0631\u064a\u0621 \u0648\u0645\u0634\u0631\u0642 \u064a\u062c\u0645\u0639 \u0628\u064a\u0646 \u0627\u0646\u062a\u0639\u0627\u0634 \u0627\u0644\u062c\u0631\u064a\u0628 \u0641\u0631\u0648\u062a \u0648\u062a\u0648\u0627\u0628\u0644 \u0627\u0644\u0647\u064a\u0644 \u0641\u064a \u0645\u0642\u062f\u0645\u0629 \u0646\u0627\u0628\u0636\u0629 \u0628\u0627\u0644\u062d\u064a\u0648\u064a\u0629\u060c \u0645\u0639 \u0642\u0644\u0628 \u0632\u0647\u0631\u064a \u0645\u0634\u0645\u0633 \u064a\u0641\u064a\u0636 \u0628\u0627\u0644\u062f\u0641\u0621. \u062a\u0633\u062a\u0642\u0631 \u0627\u0644\u0642\u0627\u0639\u062f\u0629 \u0639\u0644\u0649 \u0645\u0632\u064a\u062c \u0645\u0646 \u0627\u0644\u062c\u0644\u062f \u0648\u0627\u0644\u0639\u0646\u0628\u0631 \u0648\u0627\u0644\u0643\u0627\u0634\u0645\u0631\u0627\u0646 \u0644\u062a\u0645\u0646\u062d \u0637\u0627\u0628\u0639\u0627\u064b \u062f\u0627\u0641\u0626\u0627\u064b \u0648\u0639\u0635\u0631\u064a\u0627\u064b \u062c\u0630\u0627\u0628\u0627\u064b.<\/p>\n<p>&nbsp;<\/p>","protected":false},"excerpt":{"rendered":"<p>Notes de t\u00eate : Pamplemousse, Cardamome, Poivre rose Notes de c\u0153ur : Tub\u00e9reuse, Notes solaires, Armoise Notes de base : [&hellip;]<\/p>","protected":false},"featured_media":1571,"comment_status":"closed","ping_status":"closed","template":"","meta":{"_eb_attr":"","_monsterinsights_skip_tracking":false,"_monsterinsights_sitenote_active":false,"_monsterinsights_sitenote_note":"","_monsterinsights_sitenote_category":0,"_uf_show_specific_survey":0,"_uf_disable_surveys":false,"site-sidebar-layout":"default","site-content-layout":"","ast-site-content-layout":"default","site-content-style":"default","site-sidebar-style":"default","ast-global-header-display":"","ast-banner-title-visibility":"","ast-main-header-display":"","ast-hfb-above-header-display":"","ast-hfb-below-header-display":"","ast-hfb-mobile-header-display":"","site-post-title":"","ast-breadcrumbs-content":"","ast-featured-img":"","footer-sml-layout":"","ast-disable-related-posts":"","theme-transparent-header-meta":"default","adv-header-id-meta":"","stick-header-meta":"","header-above-stick-meta":"","header-main-stick-meta":"","header-below-stick-meta":"","astra-migrate-meta-layouts":"set","ast-page-background-enabled":"default","ast-page-background-meta":{"desktop":{"background-color":"var(--ast-global-color-4)","background-image":"","background-repeat":"repeat","background-position":"center center","background-size":"auto","background-attachment":"scroll","background-type":"","background-media":"","overlay-type":"","overlay-color":"","overlay-opacity":"","overlay-gradient":""},"tablet":{"background-color":"","background-image":"","background-repeat":"repeat","background-position":"center center","background-size":"auto","background-attachment":"scroll","background-type":"","background-media":"","overlay-type":"","overlay-color":"","overlay-opacity":"","overlay-gradient":""},"mobile":{"background-color":"","background-image":"","background-repeat":"repeat","background-position":"center center","background-size":"auto","background-attachment":"scroll","background-type":"","background-media":"","overlay-type":"","overlay-color":"","overlay-opacity":"","overlay-gradient":""}},"ast-content-background-meta":{"desktop":{"background-color":"var(--ast-global-color-5)","background-image":"","background-repeat":"repeat","background-position":"center center","background-size":"auto","background-attachment":"scroll","background-type":"","background-media":"","overlay-type":"","overlay-color":"","overlay-opacity":"","overlay-gradient":""},"tablet":{"background-color":"var(--ast-global-color-5)","background-image":"","background-repeat":"repeat","background-position":"center center","background-size":"auto","background-attachment":"scroll","background-type":"","background-media":"","overlay-type":"","overlay-color":"","overlay-opacity":"","overlay-gradient":""},"mobile":{"background-color":"var(--ast-global-color-5)","background-image":"","background-repeat":"repeat","background-position":"center center","background-size":"auto","background-attachment":"scroll","background-type":"","background-media":"","overlay-type":"","overlay-color":"","overlay-opacity":"","overlay-gradient":""}}},"product_brand":[],"product_cat":[31,33],"product_tag":[],"class_list":{"0":"post-1747","1":"product","2":"type-product","3":"status-publish","4":"has-post-thumbnail","6":"product_cat-homme","7":"product_cat-unisexe","8":"desktop-align-left","9":"tablet-align-left","10":"mobile-align-left","12":"first","13":"instock","14":"shipping-taxable","15":"purchasable","16":"product-type-simple"},"aioseo_notices":[],"_links":{"self":[{"href":"https:\/\/rawnaqparfumerie.com\/ar\/wp-json\/wp\/v2\/product\/1747","targetHints":{"allow":["GET"]}}],"collection":[{"href":"https:\/\/rawnaqparfumerie.com\/ar\/wp-json\/wp\/v2\/product"}],"about":[{"href":"https:\/\/rawnaqparfumerie.com\/ar\/wp-json\/wp\/v2\/types\/product"}],"replies":[{"embeddable":true,"href":"https:\/\/rawnaqparfumerie.com\/ar\/wp-json\/wp\/v2\/comments?post=1747"}],"wp:featuredmedia":[{"embeddable":true,"href":"https:\/\/rawnaqparfumerie.com\/ar\/wp-json\/wp\/v2\/media\/1571"}],"wp:attachment":[{"href":"https:\/\/rawnaqparfumerie.com\/ar\/wp-json\/wp\/v2\/media?parent=1747"}],"wp:term":[{"taxonomy":"product_brand","embeddable":true,"href":"https:\/\/rawnaqparfumerie.com\/ar\/wp-json\/wp\/v2\/product_brand?post=1747"},{"taxonomy":"product_cat","embeddable":true,"href":"https:\/\/rawnaqparfumerie.com\/ar\/wp-json\/wp\/v2\/product_cat?post=1747"},{"taxonomy":"product_tag","embeddable":true,"href":"https:\/\/rawnaqparfumerie.com\/ar\/wp-json\/wp\/v2\/product_tag?post=1747"}],"curies":[{"name":"wp","href":"https:\/\/api.w.org\/{rel}","templated":true}]}}