{"id":2933,"date":"2025-12-26T08:34:46","date_gmt":"2025-12-26T08:34:46","guid":{"rendered":"https:\/\/rawnaqparfumerie.com\/?post_type=product&#038;p=2933"},"modified":"2026-02-03T19:03:25","modified_gmt":"2026-02-03T19:03:25","slug":"leonie-al-hambra","status":"publish","type":"product","link":"https:\/\/rawnaqparfumerie.com\/ar\/product\/leonie-al-hambra\/","title":{"rendered":"LEONIE AL HAMBRA"},"content":{"rendered":"<table width=\"187\">\n<tbody>\n<tr>\n<td width=\"187\">\n<ul>\n<li><strong>\u0627\u0644\u0645\u0643\u0648\u0646\u0627\u062a \u0627\u0644\u0639\u0644\u064a\u0627:<\/strong> Lavande, Mandarine, Petitgrain, Cassis<\/li>\n<li><strong>\u0627\u0644\u0645\u0643\u0648\u0646\u0627\u062a \u0627\u0644\u0648\u0633\u0637\u0649: <\/strong>Lavande, Fleur d\u2019oranger, Jasmin<\/li>\n<li><strong>\u0627\u0644\u0645\u0643\u0648\u0646\u0627\u062a \u0627\u0644\u0642\u0627\u0639\u062f\u064a\u0629:<\/strong> Musc, Vanille, C\u00e8dre, Ambre gris<\/li>\n<\/ul>\n<\/td>\n<\/tr>\n<\/tbody>\n<\/table>\n<p>&nbsp;<\/p>\n<p>&nbsp;<\/p>\n<p>Un parfum aromatique et lumineux qui s\u2019ouvre sur la fra\u00eecheur de la mandarine et du petitgrain, sublim\u00e9e par la douceur fruit\u00e9e du cassis et la lavande apaisante. Le c\u0153ur floral m\u00ealant lavande, jasmin et fleur d\u2019oranger apporte \u00e9l\u00e9gance et harmonie. La base chaleureuse de musc, vanille, ambre gris et c\u00e8dre laisse un sillage raffin\u00e9, moderne et inoubliable.<\/p>","protected":false},"excerpt":{"rendered":"<p><img fetchpriority=\"high\" decoding=\"async\" class=\"alignnone size-medium wp-image-2014\" src=\"https:\/\/rawnaqparfumerie.com\/wp-content\/uploads\/2025\/12\/LEONIE.png\" alt=\"LEONIE\" width=\"300\" height=\"203\" \/><\/p>\n<div style=\"display: flex; gap: 8px; align-items: center; flex-wrap: nowrap;\"><img decoding=\"async\" class=\"wp-image-1992\" src=\"https:\/\/rawnaqparfumerie.com\/wp-content\/uploads\/2025\/09\/3.png\" alt=\"Spring\" width=\"68\" height=\"68\" srcset=\"https:\/\/rawnaqparfumerie.com\/wp-content\/uploads\/2025\/09\/3.png 172w, https:\/\/rawnaqparfumerie.com\/wp-content\/uploads\/2025\/09\/3-150x150.png 150w, https:\/\/rawnaqparfumerie.com\/wp-content\/uploads\/2025\/09\/3-12x12.png 12w, https:\/\/rawnaqparfumerie.com\/wp-content\/uploads\/2025\/09\/3-100x100.png 100w, https:\/\/rawnaqparfumerie.com\/wp-content\/uploads\/2025\/09\/3-50x50.png 50w, https:\/\/rawnaqparfumerie.com\/wp-content\/uploads\/2025\/09\/3-64x64.png 64w\" sizes=\"(max-width: 68px) 100vw, 68px\" \/><br \/>\n<img decoding=\"async\" class=\"wp-image-1992\" src=\"https:\/\/rawnaqparfumerie.com\/wp-content\/uploads\/2025\/09\/4.png\" alt=\"Fall\" width=\"68\" height=\"68\" \/><\/div>\n<p><img loading=\"lazy\" decoding=\"async\" class=\"alignnone wp-image-1983\" src=\"https:\/\/rawnaqparfumerie.com\/wp-content\/uploads\/2025\/09\/J.png\" alt=\"Day\" width=\"417\" height=\"37\" \/><\/p>\n<div><em><strong>\u0645\u0633\u062a\u0648\u062d\u0649 \u0645\u0646: <\/strong><\/em>LIBRE BY YSL<\/div>","protected":false},"featured_media":2645,"comment_status":"open","ping_status":"closed","template":"","meta":{"_eb_attr":"","_monsterinsights_skip_tracking":false,"_monsterinsights_sitenote_active":false,"_monsterinsights_sitenote_note":"","_monsterinsights_sitenote_category":0,"_uf_show_specific_survey":0,"_uf_disable_surveys":false,"site-sidebar-layout":"default","site-content-layout":"","ast-site-content-layout":"default","site-content-style":"default","site-sidebar-style":"default","ast-global-header-display":"","ast-banner-title-visibility":"","ast-main-header-display":"","ast-hfb-above-header-display":"","ast-hfb-below-header-display":"","ast-hfb-mobile-header-display":"","site-post-title":"","ast-breadcrumbs-content":"","ast-featured-img":"","footer-sml-layout":"","ast-disable-related-posts":"","theme-transparent-header-meta":"default","adv-header-id-meta":"","stick-header-meta":"","header-above-stick-meta":"","header-main-stick-meta":"","header-below-stick-meta":"","astra-migrate-meta-layouts":"set","ast-page-background-enabled":"default","ast-page-background-meta":{"desktop":{"background-color":"var(--ast-global-color-4)","background-image":"","background-repeat":"repeat","background-position":"center center","background-size":"auto","background-attachment":"scroll","background-type":"","background-media":"","overlay-type":"","overlay-color":"","overlay-opacity":"","overlay-gradient":""},"tablet":{"background-color":"","background-image":"","background-repeat":"repeat","background-position":"center center","background-size":"auto","background-attachment":"scroll","background-type":"","background-media":"","overlay-type":"","overlay-color":"","overlay-opacity":"","overlay-gradient":""},"mobile":{"background-color":"","background-image":"","background-repeat":"repeat","background-position":"center center","background-size":"auto","background-attachment":"scroll","background-type":"","background-media":"","overlay-type":"","overlay-color":"","overlay-opacity":"","overlay-gradient":""}},"ast-content-background-meta":{"desktop":{"background-color":"var(--ast-global-color-5)","background-image":"","background-repeat":"repeat","background-position":"center center","background-size":"auto","background-attachment":"scroll","background-type":"","background-media":"","overlay-type":"","overlay-color":"","overlay-opacity":"","overlay-gradient":""},"tablet":{"background-color":"var(--ast-global-color-5)","background-image":"","background-repeat":"repeat","background-position":"center center","background-size":"auto","background-attachment":"scroll","background-type":"","background-media":"","overlay-type":"","overlay-color":"","overlay-opacity":"","overlay-gradient":""},"mobile":{"background-color":"var(--ast-global-color-5)","background-image":"","background-repeat":"repeat","background-position":"center center","background-size":"auto","background-attachment":"scroll","background-type":"","background-media":"","overlay-type":"","overlay-color":"","overlay-opacity":"","overlay-gradient":""}}},"product_brand":[],"product_cat":[32],"product_tag":[],"class_list":{"0":"post-2933","1":"product","2":"type-product","3":"status-publish","4":"has-post-thumbnail","6":"product_cat-femme","7":"desktop-align-left","8":"tablet-align-left","9":"mobile-align-left","11":"first","12":"instock","13":"shipping-taxable","14":"purchasable","15":"product-type-simple"},"aioseo_notices":[],"_links":{"self":[{"href":"https:\/\/rawnaqparfumerie.com\/ar\/wp-json\/wp\/v2\/product\/2933","targetHints":{"allow":["GET"]}}],"collection":[{"href":"https:\/\/rawnaqparfumerie.com\/ar\/wp-json\/wp\/v2\/product"}],"about":[{"href":"https:\/\/rawnaqparfumerie.com\/ar\/wp-json\/wp\/v2\/types\/product"}],"replies":[{"embeddable":true,"href":"https:\/\/rawnaqparfumerie.com\/ar\/wp-json\/wp\/v2\/comments?post=2933"}],"wp:featuredmedia":[{"embeddable":true,"href":"https:\/\/rawnaqparfumerie.com\/ar\/wp-json\/wp\/v2\/media\/2645"}],"wp:attachment":[{"href":"https:\/\/rawnaqparfumerie.com\/ar\/wp-json\/wp\/v2\/media?parent=2933"}],"wp:term":[{"taxonomy":"product_brand","embeddable":true,"href":"https:\/\/rawnaqparfumerie.com\/ar\/wp-json\/wp\/v2\/product_brand?post=2933"},{"taxonomy":"product_cat","embeddable":true,"href":"https:\/\/rawnaqparfumerie.com\/ar\/wp-json\/wp\/v2\/product_cat?post=2933"},{"taxonomy":"product_tag","embeddable":true,"href":"https:\/\/rawnaqparfumerie.com\/ar\/wp-json\/wp\/v2\/product_tag?post=2933"}],"curies":[{"name":"wp","href":"https:\/\/api.w.org\/{rel}","templated":true}]}}