{"id":2975,"date":"2025-12-26T15:30:12","date_gmt":"2025-12-26T15:30:12","guid":{"rendered":"https:\/\/rawnaqparfumerie.com\/?post_type=product&#038;p=2975"},"modified":"2026-02-04T11:21:02","modified_gmt":"2026-02-04T11:21:02","slug":"cedre-ambre-geparlys","status":"publish","type":"product","link":"https:\/\/rawnaqparfumerie.com\/ar\/product\/cedre-ambre-geparlys\/","title":{"rendered":"CEDRE AMBRE GEPARLYS"},"content":{"rendered":"<table width=\"187\">\n<tbody>\n<tr>\n<td width=\"187\">\n<ul>\n<li><strong>\u0627\u0644\u0645\u0643\u0648\u0646\u0627\u062a \u0627\u0644\u0639\u0644\u064a\u0627:<\/strong> \u0627\u0644\u062e\u0632\u0627\u0645\u0649 (\u0627\u0644\u0644\u0627\u0641\u0646\u062f\u0631)<\/li>\n<li><strong>\u0627\u0644\u0645\u0643\u0648\u0646\u0627\u062a \u0627\u0644\u0648\u0633\u0637\u0649:<\/strong> \u0632\u0647\u0631\u0629 \u0627\u0644\u0633\u0648\u0633\u0646\u060c \u0645\u064a\u0633\u0643 \u0627\u0644\u0631\u0648\u0645 (\u0623\u0645\u0628\u0631\u064a\u062a)\u060c \u0627\u0644\u0643\u0645\u062b\u0631\u0649<\/li>\n<li><strong>\u0627\u0644\u0645\u0643\u0648\u0646\u0627\u062a \u0627\u0644\u0642\u0627\u0639\u062f\u064a\u0629:<\/strong> \u062e\u0634\u0628 \u0627\u0644\u0623\u0631\u0632\u060c \u0627\u0644\u0641\u064a\u062a\u064a\u0641\u064a\u0631<\/li>\n<\/ul>\n<\/td>\n<\/tr>\n<\/tbody>\n<\/table>\n<p>&nbsp;<\/p>\n<p>Une fragrance sophistiqu\u00e9e qui met en avant la noblesse de l&rsquo;iris. Son caract\u00e8re poudr\u00e9 est soutenu par une note de poire subtile, tandis que le c\u00e8dre et le v\u00e9tiver en fond apportent une structure bois\u00e9e masculine et robuste. C&rsquo;est l&rsquo;incarnation d&rsquo;un luxe discret et d&rsquo;une sensualit\u00e9 raffin\u00e9e.<\/p>","protected":false},"excerpt":{"rendered":"<p><img fetchpriority=\"high\" decoding=\"async\" class=\"alignnone size-medium wp-image-2014\" src=\"https:\/\/rawnaqparfumerie.com\/wp-content\/uploads\/2025\/12\/CEDRE-AMBRE.png\" alt=\"Cedre Ambre\" width=\"300\" height=\"203\" \/><\/p>\n<div style=\"display: flex; gap: 8px; align-items: center; flex-wrap: nowrap;\"><img decoding=\"async\" class=\"wp-image-1991\" src=\"https:\/\/rawnaqparfumerie.com\/wp-content\/uploads\/2025\/09\/HIVER.png\" alt=\"Winter\" width=\"68\" height=\"68\" \/> <img decoding=\"async\" class=\"wp-image-1992\" src=\"https:\/\/rawnaqparfumerie.com\/wp-content\/uploads\/2025\/09\/4.png\" alt=\"Autumn\" width=\"68\" height=\"68\" \/><\/div>\n<p><img loading=\"lazy\" decoding=\"async\" class=\"alignnone wp-image-1983\" src=\"https:\/\/rawnaqparfumerie.com\/wp-content\/uploads\/2025\/09\/N.png\" alt=\"Night\" width=\"417\" height=\"37\" \/><br \/>\n<strong>\u0645\u0633\u062a\u0648\u062d\u0649 \u0645\u0646: <\/strong>Dior Homme Intense<\/p>","protected":false},"featured_media":3017,"comment_status":"open","ping_status":"closed","template":"","meta":{"_eb_attr":"","_monsterinsights_skip_tracking":false,"_monsterinsights_sitenote_active":false,"_monsterinsights_sitenote_note":"","_monsterinsights_sitenote_category":0,"_uf_show_specific_survey":0,"_uf_disable_surveys":false,"site-sidebar-layout":"default","site-content-layout":"","ast-site-content-layout":"default","site-content-style":"default","site-sidebar-style":"default","ast-global-header-display":"","ast-banner-title-visibility":"","ast-main-header-display":"","ast-hfb-above-header-display":"","ast-hfb-below-header-display":"","ast-hfb-mobile-header-display":"","site-post-title":"","ast-breadcrumbs-content":"","ast-featured-img":"","footer-sml-layout":"","ast-disable-related-posts":"","theme-transparent-header-meta":"default","adv-header-id-meta":"","stick-header-meta":"","header-above-stick-meta":"","header-main-stick-meta":"","header-below-stick-meta":"","astra-migrate-meta-layouts":"set","ast-page-background-enabled":"default","ast-page-background-meta":{"desktop":{"background-color":"var(--ast-global-color-4)","background-image":"","background-repeat":"repeat","background-position":"center center","background-size":"auto","background-attachment":"scroll","background-type":"","background-media":"","overlay-type":"","overlay-color":"","overlay-opacity":"","overlay-gradient":""},"tablet":{"background-color":"","background-image":"","background-repeat":"repeat","background-position":"center center","background-size":"auto","background-attachment":"scroll","background-type":"","background-media":"","overlay-type":"","overlay-color":"","overlay-opacity":"","overlay-gradient":""},"mobile":{"background-color":"","background-image":"","background-repeat":"repeat","background-position":"center center","background-size":"auto","background-attachment":"scroll","background-type":"","background-media":"","overlay-type":"","overlay-color":"","overlay-opacity":"","overlay-gradient":""}},"ast-content-background-meta":{"desktop":{"background-color":"var(--ast-global-color-5)","background-image":"","background-repeat":"repeat","background-position":"center center","background-size":"auto","background-attachment":"scroll","background-type":"","background-media":"","overlay-type":"","overlay-color":"","overlay-opacity":"","overlay-gradient":""},"tablet":{"background-color":"var(--ast-global-color-5)","background-image":"","background-repeat":"repeat","background-position":"center center","background-size":"auto","background-attachment":"scroll","background-type":"","background-media":"","overlay-type":"","overlay-color":"","overlay-opacity":"","overlay-gradient":""},"mobile":{"background-color":"var(--ast-global-color-5)","background-image":"","background-repeat":"repeat","background-position":"center center","background-size":"auto","background-attachment":"scroll","background-type":"","background-media":"","overlay-type":"","overlay-color":"","overlay-opacity":"","overlay-gradient":""}}},"product_brand":[],"product_cat":[31],"product_tag":[],"class_list":{"0":"post-2975","1":"product","2":"type-product","3":"status-publish","4":"has-post-thumbnail","6":"product_cat-homme","7":"desktop-align-left","8":"tablet-align-left","9":"mobile-align-left","11":"first","12":"instock","13":"shipping-taxable","14":"purchasable","15":"product-type-simple"},"aioseo_notices":[],"_links":{"self":[{"href":"https:\/\/rawnaqparfumerie.com\/ar\/wp-json\/wp\/v2\/product\/2975","targetHints":{"allow":["GET"]}}],"collection":[{"href":"https:\/\/rawnaqparfumerie.com\/ar\/wp-json\/wp\/v2\/product"}],"about":[{"href":"https:\/\/rawnaqparfumerie.com\/ar\/wp-json\/wp\/v2\/types\/product"}],"replies":[{"embeddable":true,"href":"https:\/\/rawnaqparfumerie.com\/ar\/wp-json\/wp\/v2\/comments?post=2975"}],"wp:featuredmedia":[{"embeddable":true,"href":"https:\/\/rawnaqparfumerie.com\/ar\/wp-json\/wp\/v2\/media\/3017"}],"wp:attachment":[{"href":"https:\/\/rawnaqparfumerie.com\/ar\/wp-json\/wp\/v2\/media?parent=2975"}],"wp:term":[{"taxonomy":"product_brand","embeddable":true,"href":"https:\/\/rawnaqparfumerie.com\/ar\/wp-json\/wp\/v2\/product_brand?post=2975"},{"taxonomy":"product_cat","embeddable":true,"href":"https:\/\/rawnaqparfumerie.com\/ar\/wp-json\/wp\/v2\/product_cat?post=2975"},{"taxonomy":"product_tag","embeddable":true,"href":"https:\/\/rawnaqparfumerie.com\/ar\/wp-json\/wp\/v2\/product_tag?post=2975"}],"curies":[{"name":"wp","href":"https:\/\/api.w.org\/{rel}","templated":true}]}}