{"id":3941,"date":"2026-02-16T17:46:00","date_gmt":"2026-02-16T17:46:00","guid":{"rendered":"https:\/\/rawnaqparfumerie.com\/?post_type=product&#038;p=3941"},"modified":"2026-02-16T18:41:32","modified_gmt":"2026-02-16T18:41:32","slug":"vanilla-latte-gulf-orchid","status":"publish","type":"product","link":"https:\/\/rawnaqparfumerie.com\/ar\/product\/vanilla-latte-gulf-orchid\/","title":{"rendered":"Vanilla Latte &#8211; GULF ORCHID"},"content":{"rendered":"<table width=\"187\">\n<tbody>\n<tr>\n<td width=\"187\">\n<ul>\n<li><strong>\u0627\u0644\u0645\u0643\u0648\u0646\u0627\u062a \u0627\u0644\u0639\u0644\u064a\u0627:<\/strong> Caramel, Beurre<\/li>\n<li><strong>\u0627\u0644\u0645\u0643\u0648\u0646\u0627\u062a \u0627\u0644\u0648\u0633\u0637\u0649:<\/strong> Feve de tonka, Jasmin , Miel<\/li>\n<li><strong>\u0627\u0644\u0645\u0643\u0648\u0646\u0627\u062a \u0627\u0644\u0642\u0627\u0639\u062f\u064a\u0629:<\/strong> \u0641\u0627\u0646\u064a\u0644\u064a\u0627\u060c \u0639\u0646\u0628\u0631\u060c \u0645\u0633\u0643<\/li>\n<\/ul>\n<\/td>\n<\/tr>\n<\/tbody>\n<\/table>\n<p>&nbsp;<\/p>\n<p>Un parfum Orientale Vanill\u00e9 pour homme et femme. C&rsquo;est un nouveau parfum. <b>Vanilla Latte<\/b>\u00a0a \u00e9t\u00e9 lanc\u00e9 en 2025. Les notes de t\u00eate sont Caramel et Beurre; les notes de coeur sont F\u00e8ve de tonka, Jasmin et Miel; les notes de fond sont Vanille, Ambre et Musc.<\/p>","protected":false},"excerpt":{"rendered":"<p><a href=\"https:\/\/rawnaqparfumerie.com\/wp-content\/uploads\/2026\/02\/Capture-decran-2026-02-16-185327.png\"><img fetchpriority=\"high\" decoding=\"async\" class=\"alignnone wp-image-3942\" src=\"https:\/\/rawnaqparfumerie.com\/wp-content\/uploads\/2026\/02\/Capture-decran-2026-02-16-185327-300x239.png\" alt=\"\" width=\"259\" height=\"206\" srcset=\"https:\/\/rawnaqparfumerie.com\/wp-content\/uploads\/2026\/02\/Capture-decran-2026-02-16-185327-300x239.png 300w, https:\/\/rawnaqparfumerie.com\/wp-content\/uploads\/2026\/02\/Capture-decran-2026-02-16-185327-768x613.png 768w, https:\/\/rawnaqparfumerie.com\/wp-content\/uploads\/2026\/02\/Capture-decran-2026-02-16-185327-15x12.png 15w, https:\/\/rawnaqparfumerie.com\/wp-content\/uploads\/2026\/02\/Capture-decran-2026-02-16-185327-600x479.png 600w, https:\/\/rawnaqparfumerie.com\/wp-content\/uploads\/2026\/02\/Capture-decran-2026-02-16-185327-64x51.png 64w, https:\/\/rawnaqparfumerie.com\/wp-content\/uploads\/2026\/02\/Capture-decran-2026-02-16-185327.png 960w\" sizes=\"(max-width: 259px) 100vw, 259px\" \/><\/a><\/p>\n<div style=\"display: flex; gap: 8px; align-items: center; flex-wrap: nowrap;\"><img decoding=\"async\" class=\"wp-image-1991\" src=\"https:\/\/rawnaqparfumerie.com\/wp-content\/uploads\/2025\/09\/HIVER.png\" alt=\"Winter\" width=\"68\" height=\"68\" \/> <img decoding=\"async\" class=\"wp-image-1992\" src=\"https:\/\/rawnaqparfumerie.com\/wp-content\/uploads\/2025\/09\/4.png\" alt=\"Autumn\" width=\"68\" height=\"68\" \/><\/div>\n<p><img loading=\"lazy\" decoding=\"async\" class=\"alignnone wp-image-1983\" src=\"https:\/\/rawnaqparfumerie.com\/wp-content\/uploads\/2025\/09\/N.png\" alt=\"Night\" width=\"417\" height=\"37\" \/><br \/>\n<strong>Inspir\u00e9 de : Bianco Latte<\/strong><\/p>","protected":false},"featured_media":3943,"comment_status":"open","ping_status":"closed","template":"","meta":{"_eb_attr":"","_monsterinsights_skip_tracking":false,"_monsterinsights_sitenote_active":false,"_monsterinsights_sitenote_note":"","_monsterinsights_sitenote_category":0,"_uf_show_specific_survey":0,"_uf_disable_surveys":false,"site-sidebar-layout":"default","site-content-layout":"","ast-site-content-layout":"default","site-content-style":"default","site-sidebar-style":"default","ast-global-header-display":"","ast-banner-title-visibility":"","ast-main-header-display":"","ast-hfb-above-header-display":"","ast-hfb-below-header-display":"","ast-hfb-mobile-header-display":"","site-post-title":"","ast-breadcrumbs-content":"","ast-featured-img":"","footer-sml-layout":"","ast-disable-related-posts":"","theme-transparent-header-meta":"default","adv-header-id-meta":"","stick-header-meta":"","header-above-stick-meta":"","header-main-stick-meta":"","header-below-stick-meta":"","astra-migrate-meta-layouts":"set","ast-page-background-enabled":"default","ast-page-background-meta":{"desktop":{"background-color":"var(--ast-global-color-4)","background-image":"","background-repeat":"repeat","background-position":"center center","background-size":"auto","background-attachment":"scroll","background-type":"","background-media":"","overlay-type":"","overlay-color":"","overlay-opacity":"","overlay-gradient":""},"tablet":{"background-color":"","background-image":"","background-repeat":"repeat","background-position":"center center","background-size":"auto","background-attachment":"scroll","background-type":"","background-media":"","overlay-type":"","overlay-color":"","overlay-opacity":"","overlay-gradient":""},"mobile":{"background-color":"","background-image":"","background-repeat":"repeat","background-position":"center center","background-size":"auto","background-attachment":"scroll","background-type":"","background-media":"","overlay-type":"","overlay-color":"","overlay-opacity":"","overlay-gradient":""}},"ast-content-background-meta":{"desktop":{"background-color":"var(--ast-global-color-5)","background-image":"","background-repeat":"repeat","background-position":"center center","background-size":"auto","background-attachment":"scroll","background-type":"","background-media":"","overlay-type":"","overlay-color":"","overlay-opacity":"","overlay-gradient":""},"tablet":{"background-color":"var(--ast-global-color-5)","background-image":"","background-repeat":"repeat","background-position":"center center","background-size":"auto","background-attachment":"scroll","background-type":"","background-media":"","overlay-type":"","overlay-color":"","overlay-opacity":"","overlay-gradient":""},"mobile":{"background-color":"var(--ast-global-color-5)","background-image":"","background-repeat":"repeat","background-position":"center center","background-size":"auto","background-attachment":"scroll","background-type":"","background-media":"","overlay-type":"","overlay-color":"","overlay-opacity":"","overlay-gradient":""}}},"product_brand":[],"product_cat":[32,33],"product_tag":[],"class_list":{"0":"post-3941","1":"product","2":"type-product","3":"status-publish","4":"has-post-thumbnail","6":"product_cat-femme","7":"product_cat-unisexe","8":"desktop-align-left","9":"tablet-align-left","10":"mobile-align-left","12":"first","13":"instock","14":"shipping-taxable","15":"purchasable","16":"product-type-simple"},"aioseo_notices":[],"_links":{"self":[{"href":"https:\/\/rawnaqparfumerie.com\/ar\/wp-json\/wp\/v2\/product\/3941","targetHints":{"allow":["GET"]}}],"collection":[{"href":"https:\/\/rawnaqparfumerie.com\/ar\/wp-json\/wp\/v2\/product"}],"about":[{"href":"https:\/\/rawnaqparfumerie.com\/ar\/wp-json\/wp\/v2\/types\/product"}],"replies":[{"embeddable":true,"href":"https:\/\/rawnaqparfumerie.com\/ar\/wp-json\/wp\/v2\/comments?post=3941"}],"wp:featuredmedia":[{"embeddable":true,"href":"https:\/\/rawnaqparfumerie.com\/ar\/wp-json\/wp\/v2\/media\/3943"}],"wp:attachment":[{"href":"https:\/\/rawnaqparfumerie.com\/ar\/wp-json\/wp\/v2\/media?parent=3941"}],"wp:term":[{"taxonomy":"product_brand","embeddable":true,"href":"https:\/\/rawnaqparfumerie.com\/ar\/wp-json\/wp\/v2\/product_brand?post=3941"},{"taxonomy":"product_cat","embeddable":true,"href":"https:\/\/rawnaqparfumerie.com\/ar\/wp-json\/wp\/v2\/product_cat?post=3941"},{"taxonomy":"product_tag","embeddable":true,"href":"https:\/\/rawnaqparfumerie.com\/ar\/wp-json\/wp\/v2\/product_tag?post=3941"}],"curies":[{"name":"wp","href":"https:\/\/api.w.org\/{rel}","templated":true}]}}