{"id":4007,"date":"2026-02-23T15:08:19","date_gmt":"2026-02-23T15:08:19","guid":{"rendered":"https:\/\/rawnaqparfumerie.com\/?post_type=product&#038;p=4007"},"modified":"2026-02-23T15:46:18","modified_gmt":"2026-02-23T15:46:18","slug":"impulse-oud-ziamaya","status":"publish","type":"product","link":"https:\/\/rawnaqparfumerie.com\/ar\/product\/impulse-oud-ziamaya\/","title":{"rendered":"Impulse Oud &#8211; Ziamaya"},"content":{"rendered":"<table style=\"height: 125px;\" width=\"698\">\n<tbody>\n<tr>\n<td width=\"187\">\n<ul>\n<li><strong>\u0627\u0644\u0645\u0643\u0648\u0646\u0627\u062a \u0627\u0644\u0639\u0644\u064a\u0627: <\/strong>\u00a0Rose de bulgarie, Violette, Vanille<\/li>\n<li><strong>\u0627\u0644\u0645\u0643\u0648\u0646\u0627\u062a \u0627\u0644\u0648\u0633\u0637\u0649:<\/strong> Rose, Benjoin, Oud<\/li>\n<li><strong>\u0627\u0644\u0645\u0643\u0648\u0646\u0627\u062a \u0627\u0644\u0642\u0627\u0639\u062f\u064a\u0629:<\/strong> Ambre, Musc, Notes Boisees<\/li>\n<\/ul>\n<\/td>\n<\/tr>\n<\/tbody>\n<\/table>\n<p>&nbsp;<\/p>\n<p>Un parfum Floral Bois\u00e9 Musqu\u00e9 pour homme.\u00a0<b>Impulse Oud<\/b>\u00a0a \u00e9t\u00e9 lanc\u00e9 en 2023. Les notes de t\u00eate sont Rose de Bulgarie, Violette et Vanille; les notes de coeur sont Rose, Benjoin et Oud; les notes de fond sont Ambre, Notes bois\u00e9es et Musc.<\/p>","protected":false},"excerpt":{"rendered":"<div style=\"display: flex; gap: 8px; align-items: center; flex-wrap: nowrap;\">\n<p>&nbsp;<\/p>\n<p>&nbsp;<\/p>\n<\/div>\n<div style=\"display: flex; gap: 8px; align-items: center; flex-wrap: nowrap;\"><a href=\"https:\/\/rawnaqparfumerie.com\/wp-content\/uploads\/2026\/02\/NOTES_Impulse_Oud-removebg-preview.png\"><img fetchpriority=\"high\" decoding=\"async\" class=\"alignnone wp-image-4009\" src=\"https:\/\/rawnaqparfumerie.com\/wp-content\/uploads\/2026\/02\/NOTES_Impulse_Oud-removebg-preview-300x240.png\" alt=\"\" width=\"530\" height=\"424\" srcset=\"https:\/\/rawnaqparfumerie.com\/wp-content\/uploads\/2026\/02\/NOTES_Impulse_Oud-removebg-preview-300x240.png 300w, https:\/\/rawnaqparfumerie.com\/wp-content\/uploads\/2026\/02\/NOTES_Impulse_Oud-removebg-preview-15x12.png 15w, https:\/\/rawnaqparfumerie.com\/wp-content\/uploads\/2026\/02\/NOTES_Impulse_Oud-removebg-preview-64x51.png 64w, https:\/\/rawnaqparfumerie.com\/wp-content\/uploads\/2026\/02\/NOTES_Impulse_Oud-removebg-preview.png 556w\" sizes=\"(max-width: 530px) 100vw, 530px\" \/><\/a><\/div>\n<div style=\"display: flex; gap: 8px; align-items: center; flex-wrap: nowrap;\"><img decoding=\"async\" class=\"wp-image-1991\" src=\"https:\/\/rawnaqparfumerie.com\/wp-content\/uploads\/2025\/09\/HIVER.png\" alt=\"Winter\" width=\"68\" height=\"68\" \/> <img decoding=\"async\" class=\"wp-image-1992\" src=\"https:\/\/rawnaqparfumerie.com\/wp-content\/uploads\/2025\/09\/4.png\" alt=\"Autumn\" width=\"68\" height=\"68\" \/><\/div>\n<p><img loading=\"lazy\" decoding=\"async\" class=\"alignnone wp-image-1983\" src=\"https:\/\/rawnaqparfumerie.com\/wp-content\/uploads\/2025\/09\/N.png\" alt=\"Night\" width=\"417\" height=\"37\" \/><br \/>\n<strong>Inspir\u00e9 de : MFK Oud Satin Mood<\/strong><\/p>","protected":false},"featured_media":4010,"comment_status":"open","ping_status":"closed","template":"","meta":{"_eb_attr":"","_monsterinsights_skip_tracking":false,"_monsterinsights_sitenote_active":false,"_monsterinsights_sitenote_note":"","_monsterinsights_sitenote_category":0,"_uf_show_specific_survey":0,"_uf_disable_surveys":false,"site-sidebar-layout":"default","site-content-layout":"","ast-site-content-layout":"default","site-content-style":"default","site-sidebar-style":"default","ast-global-header-display":"","ast-banner-title-visibility":"","ast-main-header-display":"","ast-hfb-above-header-display":"","ast-hfb-below-header-display":"","ast-hfb-mobile-header-display":"","site-post-title":"","ast-breadcrumbs-content":"","ast-featured-img":"","footer-sml-layout":"","ast-disable-related-posts":"","theme-transparent-header-meta":"default","adv-header-id-meta":"","stick-header-meta":"","header-above-stick-meta":"","header-main-stick-meta":"","header-below-stick-meta":"","astra-migrate-meta-layouts":"set","ast-page-background-enabled":"default","ast-page-background-meta":{"desktop":{"background-color":"var(--ast-global-color-4)","background-image":"","background-repeat":"repeat","background-position":"center center","background-size":"auto","background-attachment":"scroll","background-type":"","background-media":"","overlay-type":"","overlay-color":"","overlay-opacity":"","overlay-gradient":""},"tablet":{"background-color":"","background-image":"","background-repeat":"repeat","background-position":"center center","background-size":"auto","background-attachment":"scroll","background-type":"","background-media":"","overlay-type":"","overlay-color":"","overlay-opacity":"","overlay-gradient":""},"mobile":{"background-color":"","background-image":"","background-repeat":"repeat","background-position":"center center","background-size":"auto","background-attachment":"scroll","background-type":"","background-media":"","overlay-type":"","overlay-color":"","overlay-opacity":"","overlay-gradient":""}},"ast-content-background-meta":{"desktop":{"background-color":"var(--ast-global-color-5)","background-image":"","background-repeat":"repeat","background-position":"center center","background-size":"auto","background-attachment":"scroll","background-type":"","background-media":"","overlay-type":"","overlay-color":"","overlay-opacity":"","overlay-gradient":""},"tablet":{"background-color":"var(--ast-global-color-5)","background-image":"","background-repeat":"repeat","background-position":"center center","background-size":"auto","background-attachment":"scroll","background-type":"","background-media":"","overlay-type":"","overlay-color":"","overlay-opacity":"","overlay-gradient":""},"mobile":{"background-color":"var(--ast-global-color-5)","background-image":"","background-repeat":"repeat","background-position":"center center","background-size":"auto","background-attachment":"scroll","background-type":"","background-media":"","overlay-type":"","overlay-color":"","overlay-opacity":"","overlay-gradient":""}}},"product_brand":[],"product_cat":[32,31,33],"product_tag":[],"class_list":{"0":"post-4007","1":"product","2":"type-product","3":"status-publish","4":"has-post-thumbnail","6":"product_cat-femme","7":"product_cat-homme","8":"product_cat-unisexe","9":"desktop-align-left","10":"tablet-align-left","11":"mobile-align-left","13":"first","14":"instock","15":"shipping-taxable","16":"purchasable","17":"product-type-simple"},"aioseo_notices":[],"_links":{"self":[{"href":"https:\/\/rawnaqparfumerie.com\/ar\/wp-json\/wp\/v2\/product\/4007","targetHints":{"allow":["GET"]}}],"collection":[{"href":"https:\/\/rawnaqparfumerie.com\/ar\/wp-json\/wp\/v2\/product"}],"about":[{"href":"https:\/\/rawnaqparfumerie.com\/ar\/wp-json\/wp\/v2\/types\/product"}],"replies":[{"embeddable":true,"href":"https:\/\/rawnaqparfumerie.com\/ar\/wp-json\/wp\/v2\/comments?post=4007"}],"wp:featuredmedia":[{"embeddable":true,"href":"https:\/\/rawnaqparfumerie.com\/ar\/wp-json\/wp\/v2\/media\/4010"}],"wp:attachment":[{"href":"https:\/\/rawnaqparfumerie.com\/ar\/wp-json\/wp\/v2\/media?parent=4007"}],"wp:term":[{"taxonomy":"product_brand","embeddable":true,"href":"https:\/\/rawnaqparfumerie.com\/ar\/wp-json\/wp\/v2\/product_brand?post=4007"},{"taxonomy":"product_cat","embeddable":true,"href":"https:\/\/rawnaqparfumerie.com\/ar\/wp-json\/wp\/v2\/product_cat?post=4007"},{"taxonomy":"product_tag","embeddable":true,"href":"https:\/\/rawnaqparfumerie.com\/ar\/wp-json\/wp\/v2\/product_tag?post=4007"}],"curies":[{"name":"wp","href":"https:\/\/api.w.org\/{rel}","templated":true}]}}