{"id":4013,"date":"2026-02-23T21:43:56","date_gmt":"2026-02-23T21:43:56","guid":{"rendered":"https:\/\/rawnaqparfumerie.com\/?post_type=product&#038;p=4013"},"modified":"2026-02-23T21:55:18","modified_gmt":"2026-02-23T21:55:18","slug":"prive-noir-black-riiffs","status":"publish","type":"product","link":"https:\/\/rawnaqparfumerie.com\/ar\/product\/prive-noir-black-riiffs\/","title":{"rendered":"PRIVE NOIR BLACK &#8211; RIIFFS"},"content":{"rendered":"<div class=\"o-features--product\">\n<ul class=\"c-features\">\n<li><strong>\u0627\u0644\u0645\u0643\u0648\u0646\u0627\u062a \u0627\u0644\u0639\u0644\u064a\u0627<\/strong> : Pampelmousse, Cardamome, Pomme<\/li>\n<li><strong>\u0627\u0644\u0645\u0643\u0648\u0646\u0627\u062a \u0627\u0644\u0648\u0633\u0637\u0649<\/strong> : Patchouli, Palissandre du bresil, Sauge<\/li>\n<li><strong>\u0627\u0644\u0645\u0643\u0648\u0646\u0627\u062a \u0627\u0644\u0642\u0627\u0639\u062f\u064a\u0629<\/strong> : Feve de tonka, Amberwood, Cuir, Daim, Bouleau<\/li>\n<\/ul>\n<\/div>\n<div class=\"o-description--product\">\n<p>&nbsp;<\/p>\n<p>Un parfum Cuir pour homme.\u00a0<b>Priv\u00e8 Noir Black<\/b>\u00a0a \u00e9t\u00e9 lanc\u00e9 en 2023. Les notes de t\u00eate sont Pamplemousse, Cardamome et Pomme; les notes de coeur sont Patchouli, Palissandre du Br\u00e9sil et Sauge; les notes de fond sont F\u00e8ve de tonka, Amberwood, Cuir, Daim et Bouleau.<\/p>\n<\/div>","protected":false},"excerpt":{"rendered":"<p><a href=\"https:\/\/rawnaqparfumerie.com\/wp-content\/uploads\/2026\/02\/Capture_d_ecran_2026-02-23_225043-removebg-preview.png\"><img fetchpriority=\"high\" decoding=\"async\" class=\"alignnone size-medium wp-image-4016\" src=\"https:\/\/rawnaqparfumerie.com\/wp-content\/uploads\/2026\/02\/Capture_d_ecran_2026-02-23_225043-removebg-preview-300x243.png\" alt=\"\" width=\"300\" height=\"243\" srcset=\"https:\/\/rawnaqparfumerie.com\/wp-content\/uploads\/2026\/02\/Capture_d_ecran_2026-02-23_225043-removebg-preview-300x243.png 300w, https:\/\/rawnaqparfumerie.com\/wp-content\/uploads\/2026\/02\/Capture_d_ecran_2026-02-23_225043-removebg-preview-15x12.png 15w, https:\/\/rawnaqparfumerie.com\/wp-content\/uploads\/2026\/02\/Capture_d_ecran_2026-02-23_225043-removebg-preview-64x52.png 64w, https:\/\/rawnaqparfumerie.com\/wp-content\/uploads\/2026\/02\/Capture_d_ecran_2026-02-23_225043-removebg-preview.png 546w\" sizes=\"(max-width: 300px) 100vw, 300px\" \/><\/a><\/p>\n<div style=\"display: flex; gap: 8px; align-items: center; flex-wrap: nowrap;\"><img decoding=\"async\" class=\"alignnone wp-image-1983\" src=\"https:\/\/rawnaqparfumerie.com\/wp-content\/uploads\/2025\/09\/2.png\" alt=\"\" width=\"73\" height=\"73\" \/><br \/>\n<img decoding=\"async\" class=\"alignnone wp-image-1983\" src=\"https:\/\/rawnaqparfumerie.com\/wp-content\/uploads\/2025\/09\/3.png\" alt=\"\" width=\"73\" height=\"73\" \/><br \/>\n<img loading=\"lazy\" decoding=\"async\" class=\"alignnone wp-image-1983\" src=\"https:\/\/rawnaqparfumerie.com\/wp-content\/uploads\/2025\/09\/4.png\" alt=\"\" width=\"73\" height=\"73\" \/><\/div>\n<p><img loading=\"lazy\" decoding=\"async\" class=\"alignnone wp-image-1983\" src=\"https:\/\/rawnaqparfumerie.com\/wp-content\/uploads\/2025\/09\/JN.png\" alt=\"\" width=\"417\" height=\"37\" \/><\/p>\n<div><em><strong>\u0645\u0633\u062a\u0648\u062d\u0649 \u0645\u0646: <\/strong><\/em>Creed Aventus<\/div>","protected":false},"featured_media":4015,"comment_status":"closed","ping_status":"closed","template":"","meta":{"_eb_attr":"","_monsterinsights_skip_tracking":false,"_monsterinsights_sitenote_active":false,"_monsterinsights_sitenote_note":"","_monsterinsights_sitenote_category":0,"_uf_show_specific_survey":0,"_uf_disable_surveys":false,"site-sidebar-layout":"default","site-content-layout":"","ast-site-content-layout":"default","site-content-style":"default","site-sidebar-style":"default","ast-global-header-display":"","ast-banner-title-visibility":"","ast-main-header-display":"","ast-hfb-above-header-display":"","ast-hfb-below-header-display":"","ast-hfb-mobile-header-display":"","site-post-title":"","ast-breadcrumbs-content":"","ast-featured-img":"","footer-sml-layout":"","ast-disable-related-posts":"","theme-transparent-header-meta":"default","adv-header-id-meta":"","stick-header-meta":"","header-above-stick-meta":"","header-main-stick-meta":"","header-below-stick-meta":"","astra-migrate-meta-layouts":"set","ast-page-background-enabled":"default","ast-page-background-meta":{"desktop":{"background-color":"var(--ast-global-color-4)","background-image":"","background-repeat":"repeat","background-position":"center center","background-size":"auto","background-attachment":"scroll","background-type":"","background-media":"","overlay-type":"","overlay-color":"","overlay-opacity":"","overlay-gradient":""},"tablet":{"background-color":"","background-image":"","background-repeat":"repeat","background-position":"center center","background-size":"auto","background-attachment":"scroll","background-type":"","background-media":"","overlay-type":"","overlay-color":"","overlay-opacity":"","overlay-gradient":""},"mobile":{"background-color":"","background-image":"","background-repeat":"repeat","background-position":"center center","background-size":"auto","background-attachment":"scroll","background-type":"","background-media":"","overlay-type":"","overlay-color":"","overlay-opacity":"","overlay-gradient":""}},"ast-content-background-meta":{"desktop":{"background-color":"var(--ast-global-color-5)","background-image":"","background-repeat":"repeat","background-position":"center center","background-size":"auto","background-attachment":"scroll","background-type":"","background-media":"","overlay-type":"","overlay-color":"","overlay-opacity":"","overlay-gradient":""},"tablet":{"background-color":"var(--ast-global-color-5)","background-image":"","background-repeat":"repeat","background-position":"center center","background-size":"auto","background-attachment":"scroll","background-type":"","background-media":"","overlay-type":"","overlay-color":"","overlay-opacity":"","overlay-gradient":""},"mobile":{"background-color":"var(--ast-global-color-5)","background-image":"","background-repeat":"repeat","background-position":"center center","background-size":"auto","background-attachment":"scroll","background-type":"","background-media":"","overlay-type":"","overlay-color":"","overlay-opacity":"","overlay-gradient":""}}},"product_brand":[],"product_cat":[31],"product_tag":[],"class_list":{"0":"post-4013","1":"product","2":"type-product","3":"status-publish","4":"has-post-thumbnail","6":"product_cat-homme","7":"desktop-align-left","8":"tablet-align-left","9":"mobile-align-left","11":"first","12":"instock","13":"shipping-taxable","14":"purchasable","15":"product-type-simple"},"aioseo_notices":[],"_links":{"self":[{"href":"https:\/\/rawnaqparfumerie.com\/ar\/wp-json\/wp\/v2\/product\/4013","targetHints":{"allow":["GET"]}}],"collection":[{"href":"https:\/\/rawnaqparfumerie.com\/ar\/wp-json\/wp\/v2\/product"}],"about":[{"href":"https:\/\/rawnaqparfumerie.com\/ar\/wp-json\/wp\/v2\/types\/product"}],"replies":[{"embeddable":true,"href":"https:\/\/rawnaqparfumerie.com\/ar\/wp-json\/wp\/v2\/comments?post=4013"}],"wp:featuredmedia":[{"embeddable":true,"href":"https:\/\/rawnaqparfumerie.com\/ar\/wp-json\/wp\/v2\/media\/4015"}],"wp:attachment":[{"href":"https:\/\/rawnaqparfumerie.com\/ar\/wp-json\/wp\/v2\/media?parent=4013"}],"wp:term":[{"taxonomy":"product_brand","embeddable":true,"href":"https:\/\/rawnaqparfumerie.com\/ar\/wp-json\/wp\/v2\/product_brand?post=4013"},{"taxonomy":"product_cat","embeddable":true,"href":"https:\/\/rawnaqparfumerie.com\/ar\/wp-json\/wp\/v2\/product_cat?post=4013"},{"taxonomy":"product_tag","embeddable":true,"href":"https:\/\/rawnaqparfumerie.com\/ar\/wp-json\/wp\/v2\/product_tag?post=4013"}],"curies":[{"name":"wp","href":"https:\/\/api.w.org\/{rel}","templated":true}]}}