{"id":4079,"date":"2026-03-01T02:12:29","date_gmt":"2026-03-01T02:12:29","guid":{"rendered":"https:\/\/rawnaqparfumerie.com\/?post_type=product&#038;p=4079"},"modified":"2026-03-01T02:28:56","modified_gmt":"2026-03-01T02:28:56","slug":"shiyaaka-for-men-khadlaj","status":"publish","type":"product","link":"https:\/\/rawnaqparfumerie.com\/ar\/product\/shiyaaka-for-men-khadlaj\/","title":{"rendered":"Shiyaaka For Men &#8211; Khadlaj"},"content":{"rendered":"<table width=\"187\">\n<tbody>\n<tr>\n<td width=\"187\">\n<ul>\n<li><strong>\u0627\u0644\u0645\u0643\u0648\u0646\u0627\u062a \u0627\u0644\u0639\u0644\u064a\u0627:<\/strong> Romarin, Petit-grain, Poivre<\/li>\n<li><strong>\u0627\u0644\u0645\u0643\u0648\u0646\u0627\u062a \u0627\u0644\u0648\u0633\u0637\u0649:<\/strong> Neroli, Racine diris, Jasmin<\/li>\n<li><strong>\u0627\u0644\u0645\u0643\u0648\u0646\u0627\u062a \u0627\u0644\u0642\u0627\u0639\u062f\u064a\u0629:<\/strong> Vetiver, Patchouli, Patchouli<\/li>\n<\/ul>\n<\/td>\n<\/tr>\n<\/tbody>\n<\/table>\n<p>&nbsp;<\/p>\n<p>Un parfum pour homme. Les notes de t\u00eate sont Romarin, Petit-grain et Poivre; les notes de coeur sont N\u00e9roli, Racine d&rsquo;iris et Jasmin; les notes de fond sont C\u00e8dre, V\u00e9tiver et Patchouli.<\/p>","protected":false},"excerpt":{"rendered":"<p><a href=\"https:\/\/rawnaqparfumerie.com\/wp-content\/uploads\/2026\/03\/shiyakka-removebg-preview.png\"><img fetchpriority=\"high\" decoding=\"async\" class=\"alignnone wp-image-4080\" src=\"https:\/\/rawnaqparfumerie.com\/wp-content\/uploads\/2026\/03\/shiyakka-removebg-preview-300x222.png\" alt=\"\" width=\"370\" height=\"274\" srcset=\"https:\/\/rawnaqparfumerie.com\/wp-content\/uploads\/2026\/03\/shiyakka-removebg-preview-300x222.png 300w, https:\/\/rawnaqparfumerie.com\/wp-content\/uploads\/2026\/03\/shiyakka-removebg-preview-16x12.png 16w, https:\/\/rawnaqparfumerie.com\/wp-content\/uploads\/2026\/03\/shiyakka-removebg-preview-64x47.png 64w, https:\/\/rawnaqparfumerie.com\/wp-content\/uploads\/2026\/03\/shiyakka-removebg-preview.png 580w\" sizes=\"(max-width: 370px) 100vw, 370px\" \/><\/a><\/p>\n<div style=\"display: flex; gap: 8px; align-items: center; flex-wrap: nowrap;\"><img decoding=\"async\" class=\"wp-image-1991\" src=\"https:\/\/rawnaqparfumerie.com\/wp-content\/uploads\/2025\/09\/HIVER.png\" alt=\"Winter\" width=\"68\" height=\"68\" \/> <img decoding=\"async\" class=\"wp-image-1992\" src=\"https:\/\/rawnaqparfumerie.com\/wp-content\/uploads\/2025\/09\/4.png\" alt=\"Autumn\" width=\"68\" height=\"68\" \/><\/div>\n<p><img loading=\"lazy\" decoding=\"async\" class=\"alignnone wp-image-1983\" src=\"https:\/\/rawnaqparfumerie.com\/wp-content\/uploads\/2025\/09\/N.png\" alt=\"Night\" width=\"417\" height=\"37\" \/><br \/>\n<strong>Inspir\u00e9 de : Amouage Reflection\u00a0<\/strong><\/p>","protected":false},"featured_media":4081,"comment_status":"open","ping_status":"closed","template":"","meta":{"_eb_attr":"","_monsterinsights_skip_tracking":false,"_monsterinsights_sitenote_active":false,"_monsterinsights_sitenote_note":"","_monsterinsights_sitenote_category":0,"_uf_show_specific_survey":0,"_uf_disable_surveys":false,"site-sidebar-layout":"default","site-content-layout":"","ast-site-content-layout":"default","site-content-style":"default","site-sidebar-style":"default","ast-global-header-display":"","ast-banner-title-visibility":"","ast-main-header-display":"","ast-hfb-above-header-display":"","ast-hfb-below-header-display":"","ast-hfb-mobile-header-display":"","site-post-title":"","ast-breadcrumbs-content":"","ast-featured-img":"","footer-sml-layout":"","ast-disable-related-posts":"","theme-transparent-header-meta":"default","adv-header-id-meta":"","stick-header-meta":"","header-above-stick-meta":"","header-main-stick-meta":"","header-below-stick-meta":"","astra-migrate-meta-layouts":"set","ast-page-background-enabled":"default","ast-page-background-meta":{"desktop":{"background-color":"var(--ast-global-color-4)","background-image":"","background-repeat":"repeat","background-position":"center center","background-size":"auto","background-attachment":"scroll","background-type":"","background-media":"","overlay-type":"","overlay-color":"","overlay-opacity":"","overlay-gradient":""},"tablet":{"background-color":"","background-image":"","background-repeat":"repeat","background-position":"center center","background-size":"auto","background-attachment":"scroll","background-type":"","background-media":"","overlay-type":"","overlay-color":"","overlay-opacity":"","overlay-gradient":""},"mobile":{"background-color":"","background-image":"","background-repeat":"repeat","background-position":"center center","background-size":"auto","background-attachment":"scroll","background-type":"","background-media":"","overlay-type":"","overlay-color":"","overlay-opacity":"","overlay-gradient":""}},"ast-content-background-meta":{"desktop":{"background-color":"var(--ast-global-color-5)","background-image":"","background-repeat":"repeat","background-position":"center center","background-size":"auto","background-attachment":"scroll","background-type":"","background-media":"","overlay-type":"","overlay-color":"","overlay-opacity":"","overlay-gradient":""},"tablet":{"background-color":"var(--ast-global-color-5)","background-image":"","background-repeat":"repeat","background-position":"center center","background-size":"auto","background-attachment":"scroll","background-type":"","background-media":"","overlay-type":"","overlay-color":"","overlay-opacity":"","overlay-gradient":""},"mobile":{"background-color":"var(--ast-global-color-5)","background-image":"","background-repeat":"repeat","background-position":"center center","background-size":"auto","background-attachment":"scroll","background-type":"","background-media":"","overlay-type":"","overlay-color":"","overlay-opacity":"","overlay-gradient":""}}},"product_brand":[],"product_cat":[31],"product_tag":[],"class_list":{"0":"post-4079","1":"product","2":"type-product","3":"status-publish","4":"has-post-thumbnail","6":"product_cat-homme","7":"desktop-align-left","8":"tablet-align-left","9":"mobile-align-left","11":"first","12":"instock","13":"shipping-taxable","14":"purchasable","15":"product-type-simple"},"aioseo_notices":[],"_links":{"self":[{"href":"https:\/\/rawnaqparfumerie.com\/ar\/wp-json\/wp\/v2\/product\/4079","targetHints":{"allow":["GET"]}}],"collection":[{"href":"https:\/\/rawnaqparfumerie.com\/ar\/wp-json\/wp\/v2\/product"}],"about":[{"href":"https:\/\/rawnaqparfumerie.com\/ar\/wp-json\/wp\/v2\/types\/product"}],"replies":[{"embeddable":true,"href":"https:\/\/rawnaqparfumerie.com\/ar\/wp-json\/wp\/v2\/comments?post=4079"}],"wp:featuredmedia":[{"embeddable":true,"href":"https:\/\/rawnaqparfumerie.com\/ar\/wp-json\/wp\/v2\/media\/4081"}],"wp:attachment":[{"href":"https:\/\/rawnaqparfumerie.com\/ar\/wp-json\/wp\/v2\/media?parent=4079"}],"wp:term":[{"taxonomy":"product_brand","embeddable":true,"href":"https:\/\/rawnaqparfumerie.com\/ar\/wp-json\/wp\/v2\/product_brand?post=4079"},{"taxonomy":"product_cat","embeddable":true,"href":"https:\/\/rawnaqparfumerie.com\/ar\/wp-json\/wp\/v2\/product_cat?post=4079"},{"taxonomy":"product_tag","embeddable":true,"href":"https:\/\/rawnaqparfumerie.com\/ar\/wp-json\/wp\/v2\/product_tag?post=4079"}],"curies":[{"name":"wp","href":"https:\/\/api.w.org\/{rel}","templated":true}]}}