{"id":4127,"date":"2026-03-05T15:29:36","date_gmt":"2026-03-05T15:29:36","guid":{"rendered":"https:\/\/rawnaqparfumerie.com\/?post_type=product&#038;p=4127"},"modified":"2026-03-10T01:20:00","modified_gmt":"2026-03-10T01:20:00","slug":"josian-fragrance-world","status":"publish","type":"product","link":"https:\/\/rawnaqparfumerie.com\/ar\/product\/josian-fragrance-world\/","title":{"rendered":"JOSIAN &#8211; Fragrance World"},"content":{"rendered":"<table width=\"187\">\n<tbody>\n<tr>\n<td width=\"187\">\n<ul>\n<li><strong>\u0627\u0644\u0645\u0643\u0648\u0646\u0627\u062a \u0627\u0644\u0639\u0644\u064a\u0627:<\/strong> <a class=\"group relative flex flex-col items-center text-center pyramid-note-link\" href=\"https:\/\/www.fragrantica.fr\/notes\/Jasmin-14.html\"><span class=\"pyramid-note-label mt-1.5 text-[11px] sm:text-sm font-medium text-zinc-600 dark:text-zinc-200 group-hover:text-teal-600 dark:group-hover:text-teal-400 transition-colors duration-200 whitespace-nowrap\">\u064a\u0627\u0633\u0645\u064a\u0646 \u0633\u0627\u0645\u0628\u0627\u0643<\/span><\/a><\/li>\n<li><strong>\u0627\u0644\u0645\u0643\u0648\u0646\u0627\u062a \u0627\u0644\u0648\u0633\u0637\u0649:<\/strong> Bois de Cachemire<\/li>\n<li><strong>\u0627\u0644\u0645\u0643\u0648\u0646\u0627\u062a \u0627\u0644\u0642\u0627\u0639\u062f\u064a\u0629:<\/strong> Ambre Blanc<\/li>\n<\/ul>\n<\/td>\n<\/tr>\n<\/tbody>\n<\/table>\n<p>&nbsp;<\/p>\n<p>&nbsp;<\/p>\n<p>Un parfum Floral Bois\u00e9 Musqu\u00e9 pour femme.\u00a0<b>Jovian<\/b>\u00a0a \u00e9t\u00e9 lanc\u00e9 pendant 2020&rsquo;s. La note de t\u00eate est Jasmin Sambac; la note de coeur est Bois de cachemire; la note de fond est Ambre blanc.<\/p>","protected":false},"excerpt":{"rendered":"<p><a href=\"https:\/\/rawnaqparfumerie.com\/wp-content\/uploads\/2026\/03\/Capture_d_ecran_2026-03-05_163307-removebg-preview.png\"><img decoding=\"async\" class=\"alignnone size-medium wp-image-4128\" src=\"https:\/\/rawnaqparfumerie.com\/wp-content\/uploads\/2026\/03\/Capture_d_ecran_2026-03-05_163307-removebg-preview-300x159.png\" alt=\"\" width=\"300\" height=\"159\" srcset=\"https:\/\/rawnaqparfumerie.com\/wp-content\/uploads\/2026\/03\/Capture_d_ecran_2026-03-05_163307-removebg-preview-300x159.png 300w, https:\/\/rawnaqparfumerie.com\/wp-content\/uploads\/2026\/03\/Capture_d_ecran_2026-03-05_163307-removebg-preview-18x10.png 18w, https:\/\/rawnaqparfumerie.com\/wp-content\/uploads\/2026\/03\/Capture_d_ecran_2026-03-05_163307-removebg-preview-64x34.png 64w, https:\/\/rawnaqparfumerie.com\/wp-content\/uploads\/2026\/03\/Capture_d_ecran_2026-03-05_163307-removebg-preview.png 543w\" sizes=\"(max-width: 300px) 100vw, 300px\" \/><\/a><\/p>\n<div style=\"display: flex; gap: 8px; align-items: center; flex-wrap: nowrap;\"><img decoding=\"async\" class=\"wp-image-1991\" src=\"https:\/\/rawnaqparfumerie.com\/wp-content\/uploads\/2025\/09\/2.png\" alt=\"Summer\" width=\"68\" height=\"68\" srcset=\"https:\/\/rawnaqparfumerie.com\/wp-content\/uploads\/2025\/09\/2.png 172w, https:\/\/rawnaqparfumerie.com\/wp-content\/uploads\/2025\/09\/2-150x150.png 150w, https:\/\/rawnaqparfumerie.com\/wp-content\/uploads\/2025\/09\/2-12x12.png 12w, https:\/\/rawnaqparfumerie.com\/wp-content\/uploads\/2025\/09\/2-100x100.png 100w, https:\/\/rawnaqparfumerie.com\/wp-content\/uploads\/2025\/09\/2-50x50.png 50w, https:\/\/rawnaqparfumerie.com\/wp-content\/uploads\/2025\/09\/2-64x64.png 64w\" sizes=\"(max-width: 68px) 100vw, 68px\" \/><br \/>\n<img decoding=\"async\" class=\"wp-image-1992\" src=\"https:\/\/rawnaqparfumerie.com\/wp-content\/uploads\/2025\/09\/3.png\" alt=\"Spring\" width=\"68\" height=\"68\" srcset=\"https:\/\/rawnaqparfumerie.com\/wp-content\/uploads\/2025\/09\/3.png 172w, https:\/\/rawnaqparfumerie.com\/wp-content\/uploads\/2025\/09\/3-150x150.png 150w, https:\/\/rawnaqparfumerie.com\/wp-content\/uploads\/2025\/09\/3-12x12.png 12w, https:\/\/rawnaqparfumerie.com\/wp-content\/uploads\/2025\/09\/3-100x100.png 100w, https:\/\/rawnaqparfumerie.com\/wp-content\/uploads\/2025\/09\/3-50x50.png 50w, https:\/\/rawnaqparfumerie.com\/wp-content\/uploads\/2025\/09\/3-64x64.png 64w\" sizes=\"(max-width: 68px) 100vw, 68px\" \/><\/div>\n<p><img loading=\"lazy\" decoding=\"async\" class=\"alignnone wp-image-1983\" src=\"https:\/\/rawnaqparfumerie.com\/wp-content\/uploads\/2025\/09\/J.png\" alt=\"Day\" width=\"417\" height=\"37\" \/><\/p>\n<div><em><strong>Inspir\u00e9 de : Alien Mugler<\/strong><\/em><\/div>","protected":false},"featured_media":4129,"comment_status":"open","ping_status":"closed","template":"","meta":{"_eb_attr":"","_monsterinsights_skip_tracking":false,"_monsterinsights_sitenote_active":false,"_monsterinsights_sitenote_note":"","_monsterinsights_sitenote_category":0,"_uf_show_specific_survey":0,"_uf_disable_surveys":false,"site-sidebar-layout":"default","site-content-layout":"","ast-site-content-layout":"default","site-content-style":"default","site-sidebar-style":"default","ast-global-header-display":"","ast-banner-title-visibility":"","ast-main-header-display":"","ast-hfb-above-header-display":"","ast-hfb-below-header-display":"","ast-hfb-mobile-header-display":"","site-post-title":"","ast-breadcrumbs-content":"","ast-featured-img":"","footer-sml-layout":"","ast-disable-related-posts":"","theme-transparent-header-meta":"default","adv-header-id-meta":"","stick-header-meta":"","header-above-stick-meta":"","header-main-stick-meta":"","header-below-stick-meta":"","astra-migrate-meta-layouts":"set","ast-page-background-enabled":"default","ast-page-background-meta":{"desktop":{"background-color":"var(--ast-global-color-4)","background-image":"","background-repeat":"repeat","background-position":"center center","background-size":"auto","background-attachment":"scroll","background-type":"","background-media":"","overlay-type":"","overlay-color":"","overlay-opacity":"","overlay-gradient":""},"tablet":{"background-color":"","background-image":"","background-repeat":"repeat","background-position":"center center","background-size":"auto","background-attachment":"scroll","background-type":"","background-media":"","overlay-type":"","overlay-color":"","overlay-opacity":"","overlay-gradient":""},"mobile":{"background-color":"","background-image":"","background-repeat":"repeat","background-position":"center center","background-size":"auto","background-attachment":"scroll","background-type":"","background-media":"","overlay-type":"","overlay-color":"","overlay-opacity":"","overlay-gradient":""}},"ast-content-background-meta":{"desktop":{"background-color":"var(--ast-global-color-5)","background-image":"","background-repeat":"repeat","background-position":"center center","background-size":"auto","background-attachment":"scroll","background-type":"","background-media":"","overlay-type":"","overlay-color":"","overlay-opacity":"","overlay-gradient":""},"tablet":{"background-color":"var(--ast-global-color-5)","background-image":"","background-repeat":"repeat","background-position":"center center","background-size":"auto","background-attachment":"scroll","background-type":"","background-media":"","overlay-type":"","overlay-color":"","overlay-opacity":"","overlay-gradient":""},"mobile":{"background-color":"var(--ast-global-color-5)","background-image":"","background-repeat":"repeat","background-position":"center center","background-size":"auto","background-attachment":"scroll","background-type":"","background-media":"","overlay-type":"","overlay-color":"","overlay-opacity":"","overlay-gradient":""}}},"product_brand":[],"product_cat":[32],"product_tag":[],"class_list":{"0":"post-4127","1":"product","2":"type-product","3":"status-publish","4":"has-post-thumbnail","6":"product_cat-femme","7":"desktop-align-left","8":"tablet-align-left","9":"mobile-align-left","11":"first","12":"instock","13":"shipping-taxable","14":"purchasable","15":"product-type-variable"},"aioseo_notices":[],"_links":{"self":[{"href":"https:\/\/rawnaqparfumerie.com\/ar\/wp-json\/wp\/v2\/product\/4127","targetHints":{"allow":["GET"]}}],"collection":[{"href":"https:\/\/rawnaqparfumerie.com\/ar\/wp-json\/wp\/v2\/product"}],"about":[{"href":"https:\/\/rawnaqparfumerie.com\/ar\/wp-json\/wp\/v2\/types\/product"}],"replies":[{"embeddable":true,"href":"https:\/\/rawnaqparfumerie.com\/ar\/wp-json\/wp\/v2\/comments?post=4127"}],"wp:featuredmedia":[{"embeddable":true,"href":"https:\/\/rawnaqparfumerie.com\/ar\/wp-json\/wp\/v2\/media\/4129"}],"wp:attachment":[{"href":"https:\/\/rawnaqparfumerie.com\/ar\/wp-json\/wp\/v2\/media?parent=4127"}],"wp:term":[{"taxonomy":"product_brand","embeddable":true,"href":"https:\/\/rawnaqparfumerie.com\/ar\/wp-json\/wp\/v2\/product_brand?post=4127"},{"taxonomy":"product_cat","embeddable":true,"href":"https:\/\/rawnaqparfumerie.com\/ar\/wp-json\/wp\/v2\/product_cat?post=4127"},{"taxonomy":"product_tag","embeddable":true,"href":"https:\/\/rawnaqparfumerie.com\/ar\/wp-json\/wp\/v2\/product_tag?post=4127"}],"curies":[{"name":"wp","href":"https:\/\/api.w.org\/{rel}","templated":true}]}}