{"id":4224,"date":"2026-03-14T22:01:43","date_gmt":"2026-03-14T22:01:43","guid":{"rendered":"https:\/\/rawnaqparfumerie.com\/?post_type=product&#038;p=4224"},"modified":"2026-03-14T22:01:43","modified_gmt":"2026-03-14T22:01:43","slug":"pack-decante-10-ml-9pm-night-out-liquid-brun-limited-edition-vanilla-latte","status":"publish","type":"product","link":"https:\/\/rawnaqparfumerie.com\/ar\/product\/pack-decante-10-ml-9pm-night-out-liquid-brun-limited-edition-vanilla-latte\/","title":{"rendered":"Pack Decante 10 ml 9pm Night Out \/ Liquid brun limited edition \/ Vanilla latte"},"content":{"rendered":"<p><b>Liquid Brun Limited Edition<\/b>\u00a0de\u00a0<b>French Avenue<\/b>\u00a0est un parfum Oriental Foug\u00e8re pour homme et femme. C&rsquo;est un nouveau parfum.\u00a0<b>Liquid Brun Limited Edition<\/b>\u00a0a \u00e9t\u00e9 lanc\u00e9 en 2025. Les notes de t\u00eate sont Agrumes, Cardamome et Lavande; les notes de coeur sont Fleur d&rsquo;oranger, Ga\u00efac et Rose; les notes de fond sont Vanille, Ambre, F\u00e8ve de tonka et Mousse de ch\u00eane.<\/p>\n<p><b>9 PM Night Out<\/b>\u00a0de\u00a0<b>Afnan<\/b>\u00a0est un parfum Oriental \u00c9pic\u00e9 pour homme et femme. C&rsquo;est un nouveau parfum.\u00a0<b>9 PM Night Out<\/b>\u00a0a \u00e9t\u00e9 lanc\u00e9 en 2026. 9 PM Night Out a \u00e9t\u00e9 cr\u00e9\u00e9 par Quentin Roussel et Imran Fazlani. Les notes de t\u00eate sont Pitaya, Lavande, Cognac, Pomme et Bergamote; les notes de coeur sont Toffee, Cardamome, Daim, C\u00e8dre et Mahonial; les notes de fond sont F\u00e8ve de tonka, Ambrofix\u2122, Bois d&rsquo;Akigala et Patchouli.<\/p>\n<p><b>Vanilla Latte<\/b>\u00a0de\u00a0<b>Gulf Orchid<\/b>\u00a0est un parfum Oriental Vanill\u00e9 pour homme et femme. C&rsquo;est un nouveau parfum.\u00a0<b>Vanilla Latte<\/b>\u00a0a \u00e9t\u00e9 lanc\u00e9 en 2025. Les notes de t\u00eate sont Caramel et Beurre; les notes de coeur sont F\u00e8ve de tonka, Jasmin et Miel; les notes de fond sont Vanille, Ambre et Musc.<\/p>","protected":false},"excerpt":{"rendered":"<p>Liquid Brun Limited Edition\u00a0de\u00a0French Avenue\u00a0est un parfum Oriental Foug\u00e8re pour homme et femme. C&rsquo;est un nouveau parfum.\u00a0Liquid Brun Limited Edition\u00a0a [&hellip;]<\/p>","protected":false},"featured_media":4225,"comment_status":"open","ping_status":"closed","template":"","meta":{"_eb_attr":"","_monsterinsights_skip_tracking":false,"_monsterinsights_sitenote_active":false,"_monsterinsights_sitenote_note":"","_monsterinsights_sitenote_category":0,"_uf_show_specific_survey":0,"_uf_disable_surveys":false,"site-sidebar-layout":"default","site-content-layout":"","ast-site-content-layout":"default","site-content-style":"default","site-sidebar-style":"default","ast-global-header-display":"","ast-banner-title-visibility":"","ast-main-header-display":"","ast-hfb-above-header-display":"","ast-hfb-below-header-display":"","ast-hfb-mobile-header-display":"","site-post-title":"","ast-breadcrumbs-content":"","ast-featured-img":"","footer-sml-layout":"","ast-disable-related-posts":"","theme-transparent-header-meta":"default","adv-header-id-meta":"","stick-header-meta":"","header-above-stick-meta":"","header-main-stick-meta":"","header-below-stick-meta":"","astra-migrate-meta-layouts":"set","ast-page-background-enabled":"default","ast-page-background-meta":{"desktop":{"background-color":"var(--ast-global-color-4)","background-image":"","background-repeat":"repeat","background-position":"center center","background-size":"auto","background-attachment":"scroll","background-type":"","background-media":"","overlay-type":"","overlay-color":"","overlay-opacity":"","overlay-gradient":""},"tablet":{"background-color":"","background-image":"","background-repeat":"repeat","background-position":"center center","background-size":"auto","background-attachment":"scroll","background-type":"","background-media":"","overlay-type":"","overlay-color":"","overlay-opacity":"","overlay-gradient":""},"mobile":{"background-color":"","background-image":"","background-repeat":"repeat","background-position":"center center","background-size":"auto","background-attachment":"scroll","background-type":"","background-media":"","overlay-type":"","overlay-color":"","overlay-opacity":"","overlay-gradient":""}},"ast-content-background-meta":{"desktop":{"background-color":"var(--ast-global-color-5)","background-image":"","background-repeat":"repeat","background-position":"center center","background-size":"auto","background-attachment":"scroll","background-type":"","background-media":"","overlay-type":"","overlay-color":"","overlay-opacity":"","overlay-gradient":""},"tablet":{"background-color":"var(--ast-global-color-5)","background-image":"","background-repeat":"repeat","background-position":"center center","background-size":"auto","background-attachment":"scroll","background-type":"","background-media":"","overlay-type":"","overlay-color":"","overlay-opacity":"","overlay-gradient":""},"mobile":{"background-color":"var(--ast-global-color-5)","background-image":"","background-repeat":"repeat","background-position":"center center","background-size":"auto","background-attachment":"scroll","background-type":"","background-media":"","overlay-type":"","overlay-color":"","overlay-opacity":"","overlay-gradient":""}}},"product_brand":[],"product_cat":[31,33],"product_tag":[],"class_list":{"0":"post-4224","1":"product","2":"type-product","3":"status-publish","4":"has-post-thumbnail","6":"product_cat-homme","7":"product_cat-unisexe","8":"desktop-align-left","9":"tablet-align-left","10":"mobile-align-left","12":"first","13":"instock","14":"shipping-taxable","15":"purchasable","16":"product-type-simple"},"aioseo_notices":[],"_links":{"self":[{"href":"https:\/\/rawnaqparfumerie.com\/ar\/wp-json\/wp\/v2\/product\/4224","targetHints":{"allow":["GET"]}}],"collection":[{"href":"https:\/\/rawnaqparfumerie.com\/ar\/wp-json\/wp\/v2\/product"}],"about":[{"href":"https:\/\/rawnaqparfumerie.com\/ar\/wp-json\/wp\/v2\/types\/product"}],"replies":[{"embeddable":true,"href":"https:\/\/rawnaqparfumerie.com\/ar\/wp-json\/wp\/v2\/comments?post=4224"}],"wp:featuredmedia":[{"embeddable":true,"href":"https:\/\/rawnaqparfumerie.com\/ar\/wp-json\/wp\/v2\/media\/4225"}],"wp:attachment":[{"href":"https:\/\/rawnaqparfumerie.com\/ar\/wp-json\/wp\/v2\/media?parent=4224"}],"wp:term":[{"taxonomy":"product_brand","embeddable":true,"href":"https:\/\/rawnaqparfumerie.com\/ar\/wp-json\/wp\/v2\/product_brand?post=4224"},{"taxonomy":"product_cat","embeddable":true,"href":"https:\/\/rawnaqparfumerie.com\/ar\/wp-json\/wp\/v2\/product_cat?post=4224"},{"taxonomy":"product_tag","embeddable":true,"href":"https:\/\/rawnaqparfumerie.com\/ar\/wp-json\/wp\/v2\/product_tag?post=4224"}],"curies":[{"name":"wp","href":"https:\/\/api.w.org\/{rel}","templated":true}]}}