{"id":4228,"date":"2026-03-14T22:37:23","date_gmt":"2026-03-14T22:37:23","guid":{"rendered":"https:\/\/rawnaqparfumerie.com\/?post_type=product&#038;p=4228"},"modified":"2026-03-14T22:46:13","modified_gmt":"2026-03-14T22:46:13","slug":"9pm-night-out-afnan","status":"publish","type":"product","link":"https:\/\/rawnaqparfumerie.com\/ar\/product\/9pm-night-out-afnan\/","title":{"rendered":"9PM Night Out  &#8211; AFNAN"},"content":{"rendered":"<table width=\"187\">\n<tbody>\n<tr>\n<td width=\"187\">\n<ul>\n<li><strong>\u0627\u0644\u0645\u0643\u0648\u0646\u0627\u062a \u0627\u0644\u0639\u0644\u064a\u0627:<\/strong> Pitaya, Lavande, Cognac, Pomme, Bergamote<\/li>\n<li><strong>\u0627\u0644\u0645\u0643\u0648\u0646\u0627\u062a \u0627\u0644\u0648\u0633\u0637\u0649:<\/strong> Toffe, Cardamome, Daim, Cedre, Mahonial<\/li>\n<li><strong>\u0627\u0644\u0645\u0643\u0648\u0646\u0627\u062a \u0627\u0644\u0642\u0627\u0639\u062f\u064a\u0629:<\/strong> Feve de tonka, Ambrofix, Bois dakigala, Patchouli<\/li>\n<\/ul>\n<\/td>\n<\/tr>\n<\/tbody>\n<\/table>\n<p>&nbsp;<\/p>\n<p><b>9 PM Night Out<\/b>\u00a0de\u00a0<b>Afnan<\/b>\u00a0est un parfum Oriental \u00c9pic\u00e9 pour homme et femme. C&rsquo;est un nouveau parfum.\u00a0<b>9 PM Night Out<\/b>\u00a0a \u00e9t\u00e9 lanc\u00e9 en 2026. 9 PM Night Out a \u00e9t\u00e9 cr\u00e9\u00e9 par Quentin Roussel et Imran Fazlani. Les notes de t\u00eate sont Pitaya, Lavande, Cognac, Pomme et Bergamote; les notes de coeur sont Toffee, Cardamome, Daim, C\u00e8dre et Mahonial; les notes de fond sont F\u00e8ve de tonka, Ambrofix\u2122, Bois d&rsquo;Akigala et Patchouli.<\/p>","protected":false},"excerpt":{"rendered":"<p><a href=\"https:\/\/rawnaqparfumerie.com\/wp-content\/uploads\/2026\/03\/notes_night_out_-removebg-preview.png\"><img fetchpriority=\"high\" decoding=\"async\" class=\"alignnone size-medium wp-image-4231\" src=\"https:\/\/rawnaqparfumerie.com\/wp-content\/uploads\/2026\/03\/notes_night_out_-removebg-preview-300x238.png\" alt=\"\" width=\"300\" height=\"238\" srcset=\"https:\/\/rawnaqparfumerie.com\/wp-content\/uploads\/2026\/03\/notes_night_out_-removebg-preview-300x238.png 300w, https:\/\/rawnaqparfumerie.com\/wp-content\/uploads\/2026\/03\/notes_night_out_-removebg-preview-15x12.png 15w, https:\/\/rawnaqparfumerie.com\/wp-content\/uploads\/2026\/03\/notes_night_out_-removebg-preview-64x51.png 64w, https:\/\/rawnaqparfumerie.com\/wp-content\/uploads\/2026\/03\/notes_night_out_-removebg-preview.png 559w\" sizes=\"(max-width: 300px) 100vw, 300px\" \/><\/a><\/p>\n<div style=\"display: flex; gap: 8px; align-items: center; flex-wrap: nowrap;\"><img decoding=\"async\" class=\"wp-image-1991\" src=\"https:\/\/rawnaqparfumerie.com\/wp-content\/uploads\/2025\/09\/2.png\" alt=\"Summer\" width=\"68\" height=\"68\" srcset=\"https:\/\/rawnaqparfumerie.com\/wp-content\/uploads\/2025\/09\/2.png 172w, https:\/\/rawnaqparfumerie.com\/wp-content\/uploads\/2025\/09\/2-150x150.png 150w, https:\/\/rawnaqparfumerie.com\/wp-content\/uploads\/2025\/09\/2-12x12.png 12w, https:\/\/rawnaqparfumerie.com\/wp-content\/uploads\/2025\/09\/2-100x100.png 100w, https:\/\/rawnaqparfumerie.com\/wp-content\/uploads\/2025\/09\/2-50x50.png 50w, https:\/\/rawnaqparfumerie.com\/wp-content\/uploads\/2025\/09\/2-64x64.png 64w\" sizes=\"(max-width: 68px) 100vw, 68px\" \/> <img decoding=\"async\" class=\"wp-image-1992\" src=\"https:\/\/rawnaqparfumerie.com\/wp-content\/uploads\/2025\/09\/3.png\" alt=\"Spring\" width=\"68\" height=\"68\" srcset=\"https:\/\/rawnaqparfumerie.com\/wp-content\/uploads\/2025\/09\/3.png 172w, https:\/\/rawnaqparfumerie.com\/wp-content\/uploads\/2025\/09\/3-150x150.png 150w, https:\/\/rawnaqparfumerie.com\/wp-content\/uploads\/2025\/09\/3-12x12.png 12w, https:\/\/rawnaqparfumerie.com\/wp-content\/uploads\/2025\/09\/3-100x100.png 100w, https:\/\/rawnaqparfumerie.com\/wp-content\/uploads\/2025\/09\/3-50x50.png 50w, https:\/\/rawnaqparfumerie.com\/wp-content\/uploads\/2025\/09\/3-64x64.png 64w\" sizes=\"(max-width: 68px) 100vw, 68px\" \/> <img loading=\"lazy\" decoding=\"async\" class=\"wp-image-1992\" src=\"https:\/\/rawnaqparfumerie.com\/wp-content\/uploads\/2025\/09\/4.png\" alt=\"Autumn\" width=\"68\" height=\"68\" \/><\/div>\n<p><img loading=\"lazy\" decoding=\"async\" class=\"alignnone wp-image-1983\" src=\"https:\/\/rawnaqparfumerie.com\/wp-content\/uploads\/2025\/09\/N.png\" alt=\"Night\" width=\"417\" height=\"37\" \/><br \/>\n<strong>Inspir\u00e9 de : Unique perfume<\/strong><\/p>","protected":false},"featured_media":4232,"comment_status":"open","ping_status":"closed","template":"","meta":{"_eb_attr":"","_monsterinsights_skip_tracking":false,"_monsterinsights_sitenote_active":false,"_monsterinsights_sitenote_note":"","_monsterinsights_sitenote_category":0,"_uf_show_specific_survey":0,"_uf_disable_surveys":false,"site-sidebar-layout":"default","site-content-layout":"","ast-site-content-layout":"default","site-content-style":"default","site-sidebar-style":"default","ast-global-header-display":"","ast-banner-title-visibility":"","ast-main-header-display":"","ast-hfb-above-header-display":"","ast-hfb-below-header-display":"","ast-hfb-mobile-header-display":"","site-post-title":"","ast-breadcrumbs-content":"","ast-featured-img":"","footer-sml-layout":"","ast-disable-related-posts":"","theme-transparent-header-meta":"default","adv-header-id-meta":"","stick-header-meta":"","header-above-stick-meta":"","header-main-stick-meta":"","header-below-stick-meta":"","astra-migrate-meta-layouts":"set","ast-page-background-enabled":"default","ast-page-background-meta":{"desktop":{"background-color":"var(--ast-global-color-4)","background-image":"","background-repeat":"repeat","background-position":"center center","background-size":"auto","background-attachment":"scroll","background-type":"","background-media":"","overlay-type":"","overlay-color":"","overlay-opacity":"","overlay-gradient":""},"tablet":{"background-color":"","background-image":"","background-repeat":"repeat","background-position":"center center","background-size":"auto","background-attachment":"scroll","background-type":"","background-media":"","overlay-type":"","overlay-color":"","overlay-opacity":"","overlay-gradient":""},"mobile":{"background-color":"","background-image":"","background-repeat":"repeat","background-position":"center center","background-size":"auto","background-attachment":"scroll","background-type":"","background-media":"","overlay-type":"","overlay-color":"","overlay-opacity":"","overlay-gradient":""}},"ast-content-background-meta":{"desktop":{"background-color":"var(--ast-global-color-5)","background-image":"","background-repeat":"repeat","background-position":"center center","background-size":"auto","background-attachment":"scroll","background-type":"","background-media":"","overlay-type":"","overlay-color":"","overlay-opacity":"","overlay-gradient":""},"tablet":{"background-color":"var(--ast-global-color-5)","background-image":"","background-repeat":"repeat","background-position":"center center","background-size":"auto","background-attachment":"scroll","background-type":"","background-media":"","overlay-type":"","overlay-color":"","overlay-opacity":"","overlay-gradient":""},"mobile":{"background-color":"var(--ast-global-color-5)","background-image":"","background-repeat":"repeat","background-position":"center center","background-size":"auto","background-attachment":"scroll","background-type":"","background-media":"","overlay-type":"","overlay-color":"","overlay-opacity":"","overlay-gradient":""}}},"product_brand":[],"product_cat":[31],"product_tag":[],"class_list":{"0":"post-4228","1":"product","2":"type-product","3":"status-publish","4":"has-post-thumbnail","6":"product_cat-homme","7":"desktop-align-left","8":"tablet-align-left","9":"mobile-align-left","11":"first","12":"instock","13":"shipping-taxable","14":"purchasable","15":"product-type-variable"},"aioseo_notices":[],"_links":{"self":[{"href":"https:\/\/rawnaqparfumerie.com\/ar\/wp-json\/wp\/v2\/product\/4228","targetHints":{"allow":["GET"]}}],"collection":[{"href":"https:\/\/rawnaqparfumerie.com\/ar\/wp-json\/wp\/v2\/product"}],"about":[{"href":"https:\/\/rawnaqparfumerie.com\/ar\/wp-json\/wp\/v2\/types\/product"}],"replies":[{"embeddable":true,"href":"https:\/\/rawnaqparfumerie.com\/ar\/wp-json\/wp\/v2\/comments?post=4228"}],"wp:featuredmedia":[{"embeddable":true,"href":"https:\/\/rawnaqparfumerie.com\/ar\/wp-json\/wp\/v2\/media\/4232"}],"wp:attachment":[{"href":"https:\/\/rawnaqparfumerie.com\/ar\/wp-json\/wp\/v2\/media?parent=4228"}],"wp:term":[{"taxonomy":"product_brand","embeddable":true,"href":"https:\/\/rawnaqparfumerie.com\/ar\/wp-json\/wp\/v2\/product_brand?post=4228"},{"taxonomy":"product_cat","embeddable":true,"href":"https:\/\/rawnaqparfumerie.com\/ar\/wp-json\/wp\/v2\/product_cat?post=4228"},{"taxonomy":"product_tag","embeddable":true,"href":"https:\/\/rawnaqparfumerie.com\/ar\/wp-json\/wp\/v2\/product_tag?post=4228"}],"curies":[{"name":"wp","href":"https:\/\/api.w.org\/{rel}","templated":true}]}}